{"id":5,"date":"2020-09-05T01:10:10","date_gmt":"2020-09-05T01:10:10","guid":{"rendered":"http:\/\/www.lidyatoplutuketim.com\/index.php\/mesmerize\/"},"modified":"2021-09-03T00:36:17","modified_gmt":"2021-09-03T00:36:17","slug":"mesmerize","status":"publish","type":"page","link":"http:\/\/www.lidyatoplutuketim.com\/","title":{"rendered":"Anasayfa"},"content":{"rendered":"<div  id=\"overlappable-4\" style=\"background-color: rgb(255, 255, 255); background-image: none;\" data-label=\"Overlappable\" data-id=\"overlappable-4\" data-export-id=\"overlappable-4\" data-category=\"overlappable\" class=\"overlappable-4 content-section content-section-spacing\" data-overlap=\"true\"><div  class=\"gridContainer\"> <div  data-type=\"row\" class=\"row spaced-cols text-center\"><div  class=\"col-xs-12 col-sm-4 col-padding\"> <a data-cp-link=\"1\" href=\"http:\/\/www.lidyatoplutuketim.com\/index.php\/iletisim\" target=\"_self\" rel=\"noopener noreferrer\"><i  class=\"fa icon shadow-large-black aligncenter color1 fa-truck reverse round large\"><\/i><\/a> <div  data-type=\"column\" class=\"\"> <h5  class=\"\">H\u0131zl\u0131 Lojistik<\/h5> <p  class=\"\">Profesyonel&nbsp;kadrolar\u0131m\u0131zla \u0130stanbul Anadolu \u2013 Avrupa Yakas\u0131na lojistik deste\u011fi.<\/p><\/div> <\/div> <div  class=\"col-xs-12 col-sm-4 col-padding\"> <a data-cp-link=\"1\" href=\"https:\/\/api.whatsapp.com\/send?phone=905323016999&amp;text=&amp;source=&amp;data=&amp;app_absent=\" target=\"_self\" rel=\"noopener noreferrer\" class=\"\"><i  class=\"fa icon shadow-large-black aligncenter color1 fa-phone reverse round large\"><\/i><\/a> <div  data-type=\"column\" class=\"\"><h5  class=\"\">7\/24 M\u00fc\u015fteri Hizmetleri&nbsp;<\/h5> <p  class=\"\">Sizlere daha iyi hizmet sunabilmek ad\u0131na g\u00fcn\u00fcn her saati m\u00fc\u015fteri hizmetleri deste\u011fi.<\/p><\/div> <\/div> <div  class=\"col-xs-12 col-sm-4 col-padding\"> <a data-cp-link=\"1\" href=\"https:\/\/api.whatsapp.com\/send?phone=905323016999&amp;text=&amp;source=&amp;data=&amp;app_absent=\" target=\"_self\" rel=\"noopener noreferrer\" class=\"\"><i  class=\"fa icon shadow-large-black aligncenter color1 fa-handshake-o reverse round large\"><\/i><\/a> <div  data-type=\"column\" class=\"\"><h5  class=\"\">M\u00fcsteri Memnuniyeti<\/h5> <p  class=\"\">Her ge\u00e7en g\u00fcn geli\u015fmekte olan ev d\u0131\u015f\u0131 t\u00fcketim sekt\u00f6r\u00fcn\u00fcn takip ve analizlerini yaparak i\u015f ortaklar\u0131m\u0131z ve t\u00fcketicilerimizin avantaj\u0131n\u0131 taah\u00fct etmekteyiz.<\/p><\/div> <\/div><\/div> <\/div><\/div><div  id=\"portfolio-3\" style=\"background-color: rgb(245, 250, 253); background-image: none;\" data-label=\"Portfolio\" data-id=\"portfolio-4\" data-export-id=\"portfolio-4\" data-category=\"portfolio\" class=\"portfolio-4 content-section content-section-spacing-top\"><div  class=\"gridContainer\"> <div  class=\"row text-center\"><div  class=\"section-title-col\" data-type=\"column\"><p  class=\"lead\"><\/p><h2  class=\"\" style=\"margin-bottom: 2rem; outline: rgb(204, 204, 204) solid 1px; background-color: rgb(255, 255, 255);\">Zengin \u00dcr\u00fcn \u00c7e\u015fitlili\u011fiyle \u0130\u015fletmenize De\u011fer Kataca\u011f\u0131z.<\/h2>  <\/div> <\/div> <div  data-type=\"row\" class=\"row\" data-fixed=\"true\"> <div  class=\"col-sm-3 no-gutter-col col-xs-6\"> <div  class=\"contentswap-effect\" data-hover-fx=\"portfolio-4\"> <div  class=\"initial-image\"> <img  data-size=\"542x360\" src=\"http:\/\/www.lidyatoplutuketim.com\/wp-content\/uploads\/2020\/09\/cropped-3c537610-cc22-4bee-846d-5821714600c8.jpg\"><\/div> <div  class=\"overlay bg-color1\"><\/div> <div  class=\"swap-inner col-xs-12\"> <div  class=\"row full-height-row middle-xs middle-sm\"> <div  class=\"col-xs-12 text-center content-holder\"> <a href=\"http:\/\/www.lidyatoplutuketim.com\/index.php\/2020\/09\/05\/baharat\" target=\"_self\" rel=\"noopener noreferrer\"><i  class=\"fa icon portfolio-icon fa-search big\" aria-hidden=\"true\"><\/i><\/a><\/div> <\/div><\/div> <\/div><\/div> <div  class=\"col-sm-3 no-gutter-col col-xs-6\"><div  class=\"contentswap-effect\" data-hover-fx=\"portfolio-4\"> <div  class=\"initial-image\"> <img  data-size=\"542x360\" src=\"http:\/\/www.lidyatoplutuketim.com\/wp-content\/uploads\/2020\/09\/cropped-a47ac56f-83ad-4e27-b2e0-14600f888147.jpg\"><\/div> <div  class=\"overlay bg-color1\"><\/div> <div  class=\"swap-inner col-xs-12\"> <div  class=\"row full-height-row middle-xs middle-sm\"> <div  class=\"col-xs-12 text-center content-holder\"> <a href=\"http:\/\/www.lidyatoplutuketim.com\/index.php\/2020\/09\/05\/kuruyemis\" target=\"_self\" rel=\"noopener noreferrer\"><i  class=\"fa icon portfolio-icon fa-search big\" aria-hidden=\"true\"><\/i><\/a><\/div> <\/div><\/div> <\/div><\/div> <div  class=\"col-sm-3 no-gutter-col col-xs-6\"><div  class=\"contentswap-effect\" data-hover-fx=\"portfolio-4\"> <div  class=\"initial-image\"> <img  data-size=\"542x360\" src=\"http:\/\/www.lidyatoplutuketim.com\/wp-content\/uploads\/2020\/09\/cropped-200444ac-1a14-4d05-b821-6d17c1c11d86.jpg\"><\/div> <div  class=\"overlay bg-color1\"><\/div> <div  class=\"swap-inner col-xs-12\"> <div  class=\"row full-height-row middle-xs middle-sm\"> <div  class=\"col-xs-12 text-center content-holder\"> <a href=\"http:\/\/www.lidyatoplutuketim.com\/index.php\/2020\/09\/05\/yaglar\" target=\"_self\" rel=\"noopener noreferrer\"><i  class=\"fa icon portfolio-icon fa-search big\" aria-hidden=\"true\"><\/i><\/a><\/div> <\/div><\/div> <\/div><\/div>      <div  class=\"col-sm-3 no-gutter-col col-xs-6\"> <div  class=\"contentswap-effect\" data-hover-fx=\"portfolio-4\"> <div  class=\"initial-image\"> <img  data-size=\"542x360\" src=\"http:\/\/www.lidyatoplutuketim.com\/wp-content\/uploads\/2020\/09\/cropped-18596bab-344e-4f24-8bd8-fb11fba8a185.jpg\"><\/div> <div  class=\"overlay bg-color1\"><\/div> <div  class=\"swap-inner col-xs-12\"> <div  class=\"row full-height-row middle-xs middle-sm\"> <div  class=\"col-xs-12 text-center content-holder\"> <a href=\"http:\/\/www.lidyatoplutuketim.com\/index.php\/2020\/09\/05\/caylar\" target=\"_self\" rel=\"noopener noreferrer\"><i  class=\"fa icon portfolio-icon fa-search big\" aria-hidden=\"true\"><\/i><\/a><\/div> <\/div><\/div> <\/div><\/div><div  class=\"col-sm-3 no-gutter-col col-xs-6\"> <div  class=\"contentswap-effect\" data-hover-fx=\"portfolio-4\"> <div  class=\"initial-image\"> <img  data-size=\"542x360\" src=\"http:\/\/www.lidyatoplutuketim.com\/wp-content\/uploads\/2020\/09\/cropped-1582f78d-7458-4fa8-9617-fc11ec24db01.jpg\"><\/div> <div  class=\"overlay bg-color1\"><\/div> <div  class=\"swap-inner col-xs-12\"> <div  class=\"row full-height-row middle-xs middle-sm\"> <div  class=\"col-xs-12 text-center content-holder\"> <a href=\"http:\/\/www.lidyatoplutuketim.com\/index.php\/2020\/09\/05\/sarkuteri-urunleri\" target=\"_self\" rel=\"noopener noreferrer\"><i  class=\"fa icon portfolio-icon fa-search big\" aria-hidden=\"true\"><\/i><\/a><\/div> <\/div><\/div> <\/div><\/div><div  class=\"col-sm-3 no-gutter-col col-xs-6\"> <div  class=\"contentswap-effect\" data-hover-fx=\"portfolio-4\"> <div  class=\"initial-image\"> <img  data-size=\"542x360\" src=\"http:\/\/www.lidyatoplutuketim.com\/wp-content\/uploads\/2020\/09\/cropped-913634c6-f553-45ff-9c6b-740142c847ab.jpg\"><\/div> <div  class=\"overlay bg-color1\"><\/div> <div  class=\"swap-inner col-xs-12\"> <div  class=\"row full-height-row middle-xs middle-sm\"> <div  class=\"col-xs-12 text-center content-holder\"> <a href=\"http:\/\/www.lidyatoplutuketim.com\/index.php\/2020\/09\/05\/konserve-gidalar\" target=\"_self\" rel=\"noopener noreferrer\"><i  class=\"fa icon portfolio-icon fa-search big\" aria-hidden=\"true\"><\/i><\/a><\/div> <\/div><\/div> <\/div><\/div><div  class=\"col-sm-3 no-gutter-col col-xs-6\"> <div  class=\"contentswap-effect\" data-hover-fx=\"portfolio-4\"> <div  class=\"initial-image\"> <img  data-size=\"542x360\" src=\"http:\/\/www.lidyatoplutuketim.com\/wp-content\/uploads\/2020\/09\/cropped-c1577ecc-c7f7-470c-8327-317e7a4482bf.jpg\"><\/div> <div  class=\"overlay bg-color1\"><\/div> <div  class=\"swap-inner col-xs-12\"> <div  class=\"row full-height-row middle-xs middle-sm\"> <div  class=\"col-xs-12 text-center content-holder\"> <a href=\"http:\/\/www.lidyatoplutuketim.com\/index.php\/2020\/09\/05\/bakliyat\" target=\"_self\" rel=\"noopener noreferrer\"><i  class=\"fa icon portfolio-icon fa-search big\" aria-hidden=\"true\"><\/i><\/a><\/div> <\/div><\/div> <\/div><\/div><div  class=\"col-sm-3 no-gutter-col col-xs-6\"> <div  class=\"contentswap-effect\" data-hover-fx=\"portfolio-4\"> <div  class=\"initial-image\"> <img  data-size=\"542x360\" src=\"http:\/\/www.lidyatoplutuketim.com\/wp-content\/uploads\/2020\/09\/cropped-0486cccf-126e-4d20-925d-8af0030b5ae9-2.jpg\"><\/div> <div  class=\"overlay bg-color1\"><\/div> <div  class=\"swap-inner col-xs-12\"> <div  class=\"row full-height-row middle-xs middle-sm\"> <div  class=\"col-xs-12 text-center content-holder\"> <a href=\"http:\/\/www.lidyatoplutuketim.com\/index.php\/2020\/09\/05\/kimyasal-urunler\" target=\"_self\" rel=\"noopener noreferrer\"><i  class=\"fa icon portfolio-icon fa-search big\" aria-hidden=\"true\"><\/i><\/a><\/div> <\/div><\/div> <\/div><\/div><div  class=\"col-sm-3 no-gutter-col col-xs-6\"> <div  class=\"contentswap-effect\" data-hover-fx=\"portfolio-4\"> <div  class=\"initial-image\"> <img  data-size=\"542x360\" src=\"http:\/\/www.lidyatoplutuketim.com\/wp-content\/uploads\/2020\/09\/cropped-b4b45a1e-dd8c-4a66-a8be-9736e27f7851.jpg\"><\/div> <div  class=\"overlay bg-color1\"><\/div> <div  class=\"swap-inner col-xs-12\"> <div  class=\"row full-height-row middle-xs middle-sm\"> <div  class=\"col-xs-12 text-center content-holder\"> <a href=\"http:\/\/www.lidyatoplutuketim.com\/index.php\/2020\/09\/11\/dondurulmus-gidalar\" target=\"_self\" rel=\"noopener noreferrer\"><i  class=\"fa icon portfolio-icon fa-search big\" aria-hidden=\"true\"><\/i><\/a><\/div> <\/div><\/div> <\/div><\/div><div  class=\"col-sm-3 no-gutter-col col-xs-6\"> <div  class=\"contentswap-effect\" data-hover-fx=\"portfolio-4\"> <div  class=\"initial-image\"> <img  data-size=\"542x360\" src=\"http:\/\/www.lidyatoplutuketim.com\/wp-content\/uploads\/2020\/09\/cropped-pastaci.jpg\"><\/div> <div  class=\"overlay bg-color1\"><\/div> <div  class=\"swap-inner col-xs-12\"> <div  class=\"row full-height-row middle-xs middle-sm\"> <div  class=\"col-xs-12 text-center content-holder\"> <a href=\"http:\/\/www.lidyatoplutuketim.com\/index.php\/2020\/09\/11\/pastacilik-malzemeleri\" target=\"_blank\" rel=\"noopener noreferrer\"><i  class=\"fa icon portfolio-icon fa-search big\" aria-hidden=\"true\"><\/i><\/a><\/div> <\/div><\/div> <\/div><\/div><div  class=\"col-sm-3 no-gutter-col col-xs-6\"> <div  class=\"contentswap-effect\" data-hover-fx=\"portfolio-4\"> <div  class=\"initial-image\"> <img  data-size=\"542x360\" src=\"http:\/\/www.lidyatoplutuketim.com\/wp-content\/uploads\/2020\/09\/cropped-dd8f68da-7438-4478-bf6d-471a2955ab31.jpg\"><\/div> <div  class=\"overlay bg-color1\"><\/div> <div  class=\"swap-inner col-xs-12\"> <div  class=\"row full-height-row middle-xs middle-sm\"> <div  class=\"col-xs-12 text-center content-holder\"> <a href=\"http:\/\/www.lidyatoplutuketim.com\/index.php\/2020\/09\/09\/nilco-temizlik-urunleri\" target=\"_self\" rel=\"noopener noreferrer\"><i  class=\"fa icon portfolio-icon fa-search big\" aria-hidden=\"true\"><\/i><\/a><\/div> <\/div><\/div> <\/div><\/div><div  class=\"col-sm-3 no-gutter-col col-xs-6\"> <div  class=\"contentswap-effect\" data-hover-fx=\"portfolio-4\"> <div  class=\"initial-image\"> <img  data-size=\"542x360\" src=\"http:\/\/www.lidyatoplutuketim.com\/wp-content\/uploads\/2020\/09\/cropped-hakkimizda-1.png\"><\/div> <div  class=\"overlay bg-color1\"><\/div> <div  class=\"swap-inner col-xs-12\"> <div  class=\"row full-height-row middle-xs middle-sm\"> <div  class=\"col-xs-12 text-center content-holder\"> <a href=\"http:\/\/www.lidyatoplutuketim.com\/index.php\/sample-page\" target=\"_self\" rel=\"noopener noreferrer\"><i  class=\"fa icon portfolio-icon fa-search big\" aria-hidden=\"true\"><\/i><\/a><\/div> <\/div><\/div> <\/div><\/div><\/div><\/div> <\/div><div  id=\"features-3\" style=\"background-color: rgb(255, 255, 255); background-image: none;\" data-label=\"Features\" data-id=\"features-12-card-bordered\" data-export-id=\"features-12-card-bordered\" data-category=\"features\" class=\"features-12-card-bordered content-section content-section-spacing \"><div  class=\"gridContainer\"> <div  class=\"row text-center\"><div  class=\"section-title-col\" data-type=\"column\"> <h2  class=\"\">\u0130\u015fletmenizin \u0130htiya\u00e7lar\u0131 \u0130\u00e7in Biz Var\u0131z.&nbsp;<\/h2> <p  class=\"lead\"><\/p><\/div> <\/div> <div  class=\"row spaced-cols\" data-type=\"row\"> <div  class=\"col-sm-6\"> <div  class=\"card row-card bordered y-move\"> <div  class=\"row\"> <div  class=\"col-sm-fit icon-column\"> <i  class=\"fa icon color2 fa-google-wallet bordered round\"><\/i> <\/div> <div  class=\"col-sm\" data-type=\"column\"> <h5  class=\"color2\">Sat\u0131\u015f ve Pazarlama<\/h5> <p  class=\"\">M\u00fc\u015fteri memnuniyetini kendine misyon edinmi\u015f firmam\u0131z,profesyonel ki\u015filerden olu\u015fmu\u015f ekibi,geni\u015f depolama ve da\u011f\u0131t\u0131m alt yap\u0131s\u0131 sayesinde sat\u0131\u015f,pazarlama ve tedarik s\u00fcrecinde y\u00fcksek kalite ve hizmet anlay\u0131\u015f\u0131n\u0131 m\u00fc\u015fterilerine sunmaktad\u0131r.<\/p><\/div> <\/div><\/div> <\/div> <div  class=\"col-sm-6\"> <div  class=\"card row-card bordered y-move\"> <div  class=\"row\"> <div  class=\"col-sm-fit icon-column\"> <i  class=\"fa icon color2 fa-truck bordered round\"><\/i> <\/div> <div  class=\"col-sm\" data-type=\"column\"> <h5  class=\"color2\">Lojistik ve Da\u011f\u0131t\u0131m<\/h5> <p  class=\"\">Lidya Toplu T\u00fcketim, istenen zamanda istenen yere teslim etme anlay\u0131\u015f\u0131n\u0131 benimsemi\u015f ve \u00e7al\u0131\u015fmalar\u0131na bu ilke kapsam\u0131nda y\u00f6n vermi\u015ftir.Lidya Toplu T\u00fcketim, m\u00fc\u015fterilerine verdi\u011fi hizmetlerde \u00fcr\u00fcn kalitesinin yan\u0131nda lojistik hizmeti ile zaman\u0131nda teslimi \u00f6nemsemektedir.<\/p><\/div> <\/div><\/div> <\/div> <div  class=\"col-sm-6\"> <div  class=\"card row-card bordered y-move\"> <div  class=\"row\"> <div  class=\"col-sm-fit icon-column\"> <i  class=\"fa icon color2 fa-handshake-o bordered round\"><\/i> <\/div> <div  class=\"col-sm\" data-type=\"column\"> <h5  class=\"color2\">M\u00fc\u015fteri Memnuniyeti<\/h5> <p  class=\"\">Uzman sat\u0131\u015f ve pazarlama ekibimiz,geni\u015f b\u00f6lgelere ula\u015farak yerinde hizmet sa\u011flay\u0131p,m\u00fc\u015fterilerinin t\u00fcm dilek ve isteklerini kar\u015f\u0131lamaktad\u0131r.Ayr\u0131ca m\u00fc\u015fterilerimiz isteklerini mail ve telefon arac\u0131l\u0131\u011f\u0131 ile de an\u0131nda yetkili personellerimize iletebilmektedirler.<\/p><\/div> <\/div><\/div> <\/div> <div  class=\"col-sm-6\"> <div  class=\"card row-card bordered y-move\"> <div  class=\"row\"> <div  class=\"col-sm-fit icon-column\"> <i  class=\"fa icon color2 fa-connectdevelop bordered round\"><\/i> <\/div> <div  class=\"col-sm\" data-type=\"column\"> <h5  class=\"color2\">Hizmet A\u011flar\u0131m\u0131z<\/h5> <p  class=\"\">Geni\u015f kitlelere ula\u015fmay\u0131 hedefleyen firmam\u0131z Oteller, Restoran ve Cafeler, Fabrikalar, Kamu Kurum ve Kurulu\u015flar, Hastane ve Okullar gibi kurulu\u015flara hizmet vermektedir.<\/p><\/div> <\/div><\/div> <\/div><\/div> <\/div><\/div><div  id=\"about-1\" style=\"background-color: #f5fafd;\" data-label=\"About\" data-id=\"about-1\" data-export-id=\"about-1\" data-category=\"about\" class=\"about-1 content-section\"><div  class=\"gridContainer\"> <div  class=\"row text-center\"><div  class=\"section-title-col\" data-type=\"column\">  <h2  class=\"\">Detayl\u0131 Bilgi \u0130\u00e7in<\/h2> <\/div> <\/div> <div  class=\"row\"> <div  class=\"button-holder space-bottom space-bottom-small\" data-type=\"column\"> <a class=\"button color1\" href=\"http:\/\/www.lidyatoplutuketim.com\/index.php\/iletisim\" target=\"_self\" data-cp-link=\"1\" rel=\"noopener noreferrer\">Bize Ula\u015f\u0131n<\/a><\/div> <div  class=\"col-xs bottom-xs flexbox image-group-bottom-3-img space-bottom-xs center-xs\"> <a  data-cp-link=\"1\" href=\"#\" class=\"left-img-anchor\"><img  class=\"left-img shadow-large-black\" data-size=\"500x300\" src=\"http:\/\/www.lidyatoplutuketim.com\/wp-content\/uploads\/2020\/09\/cropped-386df639-1d25-4b89-b445-5b79ed1e0726.jpg\" alt=\"\" title=\"cropped-386df639-1d25-4b89-b445-5b79ed1e0726.jpg\"><\/a> <img  class=\"center-img shadow-large-black\" data-size=\"500x300\" src=\"http:\/\/www.lidyatoplutuketim.com\/wp-content\/uploads\/2020\/09\/cropped-24bca825-d83a-415a-aadb-3dc926477974.jpg\" alt=\"\" title=\"cropped-24bca825-d83a-415a-aadb-3dc926477974.jpg\"> <a data-cp-link=\"1\" href=\"#\" class=\"right-img-anchor\" target=\"_self\" rel=\"noopener noreferrer\"><img  class=\"right-img shadow-large-black\" data-size=\"500x300\" src=\"http:\/\/www.lidyatoplutuketim.com\/wp-content\/uploads\/2020\/09\/cropped-418cc55f-813a-43f5-bd03-6eb447239fcf-1.jpg\" alt=\"\" title=\"cropped-2904f1bb-fce4-456e-aba3-ca4b27dcc812.jpg\"><\/a><\/div> <\/div><\/div> <\/div><div  id=\"testimonials-5\" style=\"background-color: #ffffff;\" data-label=\"Testimonials\" data-id=\"testimonials-5\" data-export-id=\"testimonials-5\" data-category=\"testimonials\" class=\"testimonials-5 content-section content-section-spacing\"><div  class=\"gridContainer\"> <div  class=\"row\"><div  data-type=\"column\" class=\"section-title-col\"> <h2  class=\"\">\u015eirket Profili<\/h2> <p  class=\"lead\"><\/p><\/div> <\/div> <div  class=\"row spaced-cols content-center-sm\" data-type=\"row\"> <div  class=\"col-sm-4\"> <div  class=\"card y-move bordered\" data-type=\"column\"> <a data-cp-link=\"1\" href=\"#\" class=\"\" target=\"_self\" rel=\"noopener noreferrer\"><i  class=\"fa icon color1 quotation-icon fa-angle-double-down small\"><\/i><\/a> <p  class=\"text-center\">Vizyon<\/p> <a data-cp-link=\"1\" href=\"#\" class=\"\" target=\"_blank\" rel=\"noopener noreferrer\"><img  src=\"http:\/\/www.lidyatoplutuketim.com\/wp-content\/uploads\/2020\/09\/cropped-vizyon-1.jpg\" class=\"round icon\" alt=\"\" title=\"cropped-vizyon.jpg\"><\/a> <h6  class=\"\">Ev d\u0131\u015f\u0131 t\u00fcketim(EDT)\/Horeca sekt\u00f6r\u00fcnde toplam kalite ve hizmet anlay\u0131\u015f\u0131n\u0131 \u00f6z\u00fcmsemi\u015f kadrolar\u0131m\u0131zla t\u00fcketicinin birinci tercihi olmak.<\/h6> <p  class=\"small italic\"><\/p><\/div> <\/div> <div  class=\"col-sm-4\"> <div  class=\"card y-move bordered\" data-type=\"column\"> <a data-cp-link=\"1\" href=\"#\" class=\"\" target=\"_self\" rel=\"noopener noreferrer\"><i  class=\"fa icon color1 quotation-icon fa-angle-double-down small\"><\/i><\/a> <p  class=\"text-center\">Misyon<\/p> <a data-cp-link=\"1\" href=\"#\" class=\"\" target=\"_blank\" rel=\"noopener noreferrer\"><img  src=\"http:\/\/www.lidyatoplutuketim.com\/wp-content\/uploads\/2020\/09\/cropped-unnamed.png\" class=\"round icon\" alt=\"\" title=\"cropped-unnamed.png\"><\/a> <h6  class=\"\">Toplumsal sorumlulu\u011fu ve \u00e7evre bilinci y\u00fcksek, \u00c7a\u011fda\u015f y\u00f6netim tekniklerini benimseyen, M\u00fc\u015fteri ve tedarik\u00e7ilerinin maliyetlerini ve risklerini azalt\u0131p onlara rekabet avantaj\u0131 sa\u011flayan stratejik i\u015f orta\u011f\u0131 olmak. Sunulan hizmeti ba\u015flang\u0131c\u0131ndan son noktas\u0131na kadar olan s\u00fcrecinin her a\u015famas\u0131nda sekt\u00f6rdeki standartlar\u0131na uygun , m\u00fc\u015fteri ve memnuniyet odakl\u0131 hizmetler vermek.<\/h6> <p  class=\"small italic\"><\/p><\/div> <\/div> <div  class=\"col-sm-4\"> <div  class=\"card y-move bordered\" data-type=\"column\"> <i  class=\"fa icon color1 quotation-icon fa-angle-double-down small\"><\/i> <p  class=\"text-center\">Hakk\u0131m\u0131zda<\/p> <a data-cp-link=\"1\" href=\"http:\/\/www.lidyatoplutuketim.com\/index.php\/sample-page\" class=\"\" target=\"_self\" rel=\"noopener noreferrer\"><img  src=\"http:\/\/www.lidyatoplutuketim.com\/wp-content\/uploads\/2020\/09\/cropped-hakkimizda.png\" class=\"round icon\" alt=\"\" title=\"cropped-hakkimizda.png\"><\/a> <h6  class=\"\"><\/h6> <p  class=\"small italic\"><\/p><\/div> <\/div><\/div> <\/div><\/div><div  id=\"cta-1\" data-label=\"Cta\" data-id=\"cta-blue-section\" data-export-id=\"cta-blue-section\" data-category=\"cta\" class=\"cta-blue-section content-section content-section-spacing-medium bg-color1 white-text\" style=\"background-image: none; background-color: rgb(245, 250, 253);\"><div  class=\"gridContainer\"> <div  class=\"row middle-xs\"><div  class=\"col-sm-8 space-bottom-xs\" data-type=\"column\">  <\/div> <div  class=\"col-sm-4 end-sm\" data-type=\"column\"> <a class=\"button color2\" href=\"https:\/\/api.whatsapp.com\/send?phone=905323016999&amp;text=&amp;source=&amp;data=&amp;app_absent=\" target=\"_blank\" data-cp-link=\"1\" rel=\"noopener noreferrer\">Siz de M\u00fc\u015fterimiz Olun<\/a><\/div> <\/div><\/div> <\/div>","protected":false},"excerpt":{"rendered":"<p>H\u0131zl\u0131 Lojistik Profesyonel&nbsp;kadrolar\u0131m\u0131zla \u0130stanbul Anadolu \u2013 Avrupa Yakas\u0131na lojistik deste\u011fi. 7\/24 M\u00fc\u015fteri Hizmetleri&nbsp; Sizlere daha iyi hizmet sunabilmek ad\u0131na g\u00fcn\u00fcn her saati m\u00fc\u015fteri hizmetleri deste\u011fi. M\u00fcsteri Memnuniyeti Her ge\u00e7en g\u00fcn geli\u015fmekte olan ev d\u0131\u015f\u0131 t\u00fcketim sekt\u00f6r\u00fcn\u00fcn takip ve analizlerini yaparak i\u015f ortaklar\u0131m\u0131z ve t\u00fcketicilerimizin avantaj\u0131n\u0131 taah\u00fct etmekteyiz. Zengin \u00dcr\u00fcn \u00c7e\u015fitlili\u011fiyle \u0130\u015fletmenize De\u011fer Kataca\u011f\u0131z. \u0130\u015fletmenizin \u0130htiya\u00e7lar\u0131&hellip; <br \/> <a class=\"read-more\" href=\"http:\/\/www.lidyatoplutuketim.com\/\">Devam\u0131<\/a><\/p>\n","protected":false},"author":1,"featured_media":0,"parent":0,"menu_order":0,"comment_status":"closed","ping_status":"closed","template":"page-templates\/homepage.php","meta":[],"_links":{"self":[{"href":"http:\/\/www.lidyatoplutuketim.com\/index.php\/wp-json\/wp\/v2\/pages\/5"}],"collection":[{"href":"http:\/\/www.lidyatoplutuketim.com\/index.php\/wp-json\/wp\/v2\/pages"}],"about":[{"href":"http:\/\/www.lidyatoplutuketim.com\/index.php\/wp-json\/wp\/v2\/types\/page"}],"author":[{"embeddable":true,"href":"http:\/\/www.lidyatoplutuketim.com\/index.php\/wp-json\/wp\/v2\/users\/1"}],"replies":[{"embeddable":true,"href":"http:\/\/www.lidyatoplutuketim.com\/index.php\/wp-json\/wp\/v2\/comments?post=5"}],"version-history":[{"count":77,"href":"http:\/\/www.lidyatoplutuketim.com\/index.php\/wp-json\/wp\/v2\/pages\/5\/revisions"}],"predecessor-version":[{"id":1223,"href":"http:\/\/www.lidyatoplutuketim.com\/index.php\/wp-json\/wp\/v2\/pages\/5\/revisions\/1223"}],"wp:attachment":[{"href":"http:\/\/www.lidyatoplutuketim.com\/index.php\/wp-json\/wp\/v2\/media?parent=5"}],"curies":[{"name":"wp","href":"https:\/\/api.w.org\/{rel}","templated":true}]}}